{"id":2713,"date":"2023-07-07T14:11:30","date_gmt":"2023-07-07T14:11:30","guid":{"rendered":"https:\/\/luxoria.si\/?post_type=product&#038;p=2713"},"modified":"2025-08-04T16:23:02","modified_gmt":"2025-08-04T16:23:02","slug":"microbiotics-30-kapsul","status":"publish","type":"product","link":"https:\/\/luxoria.si\/index.php\/product\/microbiotics-30-kapsul\/","title":{"rendered":"MICROBIOTICS &#8211; 30 kapsul"},"content":{"rendered":"\n<p><strong>DELAYED RELEASE<\/strong> <br>Da bi zagotovili, da mikrobiolo\u0161ke kulture dose\u017eejo svoj ciljni prostor v \u010drevesju, so kapsule oblo\u017eene s posebno ovojnico rastlinskega izvora, imenovano Delayed Release. Ta inovativna tehnologija omogo\u010da, da mikroorganizmi pre\u017eivijo \u017eelod\u010dno kislino, saj se ovojnica raztopi \u0161ele v \u010drevesju. S tem je zagotovljeno, da koristne bakterije dose\u017eejo svoje ciljno mesto, kjer lahko u\u010dinkovito delujejo in prispevajo k vzpostavitvi uravnote\u017eene \u010drevesne flore.<\/p>\n\n\n\n<p><strong>RASTLINSKE VLAKNINE<\/strong><br>Pomemben sestavni del kapsul Fitbiotiki so tudi rastlinske vlaknine, kot so fruktooligosaharidi (FOS) in rastlinski inulin. Te vlaknine predstavljajo hrano za mikrobiolo\u0161ke bakterije, ki so klju\u010dnega pomena za njihovo uspe\u0161no delovanje v \u010drevesju. Z ustreznim prehranskim okoljem, ki ga zagotavljajo te rastlinske vlaknine, se krepijo koristne bakterije, kar pa vodi v vzpostavitev in vzdr\u017eevanje uravnote\u017eene \u010drevesne flore.<br><br><strong>KVASOVKA SACCHAROMYCES <\/strong><br>Microbiotikom smo dodali \u0161e posebno sestavino, in sicer nepatogeno glivo kvasovko Saccharomyces Boulardii, ki \u0161e dodatno prispeva k zdravju va\u0161ega prebavnega sistema.<\/p>\n\n\n\n<p><strong>MICROBIOTIKI <\/strong><br>Priporo\u010damo za vzdr\u017eevanje uravnote\u017eene \u010drevesne flore, saj je ta klju\u010dnega pomena za optimalno prebavo. Prav tako pa je uporaba Fitbiotikov priporo\u010dljiva tudi v primeru oslabljenega imunskega sistema, saj se ve\u010dina imunskega sistema nahaja prav v \u010drevesju. Z redno uporabo Fitbiotikov podpirate zdravje va\u0161ega prebavnega sistema in celotnega organizma, ter prispevate k splo\u0161nemu po\u010dutju.<\/p>\n\n\n\n<p><strong>RASTLINSKE VLAKNINE<\/strong><br>Kapsule vsebujejo rastlinske vlaknine (fruktooligosaharide in rastlinski inulin), ki so hrana za mikrobiolo\u0161ke bakterije. Le ta je nujna za uspe\u0161no delovanje koristnih bakterij v \u010drevesju.<\/p>\n\n\n\n<p><br><br><br><br><br><br><\/p>\n","protected":false},"excerpt":{"rendered":"<p><strong>Mikrobiotiki so sinergijska me\u0161anica,<\/strong> ki vsebujejo skrbno izbrano me\u0161anico 10 mikrobiolo\u0161kih bakterijskih sevov in nepatogene kvasovke Saccharomyces boulardii, ki skupaj tvorijo 20 milijard \u017eivih kultur na kapsulo. Namenjeni so vsakodnevni podpori ravnovesja \u010drevesne fl ore, kar je klju\u010dnega pomena za dobro prebavo in splo\u0161no odpornost telesa. Vsaka kapsula vsebuje tudi prebioti\u010dne vlaknine \u2013 fruktooligosaharide (FOS) in rastlinski inulin, ki slu\u017eijo kot hrana za koristne bakterije ter tako podpirajo njihov razvoj in delovanje v \u010drevesju. Za ve\u010djo u\u010dinkovitost so kulture mikrokapsulirane, kapsula pa je izdelana iz rastlinskega materiala s tehnologijo Delayed Release (zapoznelo spro\u0161\u010danje). To omogo\u010da, da mikroorganizmi varno pre\u017eivijo prehod skozi \u017eelod\u010dno kislino in se sprostijo \u0161ele v \u010drevesju \u2013 tam, kjer jih telo najbolj potrebuje. Vsaka kapsula vsebuje 20 milijard \u017eivih mikrobiolo\u0161kih kultur, vklju\u010dno z 10 izbranimi bakterijskimi sevi, ki delujejo v sinergiji.<\/p>\n","protected":false},"featured_media":4263,"comment_status":"open","ping_status":"closed","template":"","meta":{"_eb_attr":""},"product_brand":[],"product_cat":[32,22],"product_tag":[],"class_list":{"0":"post-2713","1":"product","2":"type-product","3":"status-publish","4":"has-post-thumbnail","6":"product_cat-vsi-izdelki","7":"product_cat-dopolnila","9":"first","10":"instock","11":"taxable","12":"shipping-taxable","13":"purchasable","14":"product-type-simple"},"jetpack_sharing_enabled":true,"_links":{"self":[{"href":"https:\/\/luxoria.si\/index.php\/wp-json\/wp\/v2\/product\/2713","targetHints":{"allow":["GET"]}}],"collection":[{"href":"https:\/\/luxoria.si\/index.php\/wp-json\/wp\/v2\/product"}],"about":[{"href":"https:\/\/luxoria.si\/index.php\/wp-json\/wp\/v2\/types\/product"}],"replies":[{"embeddable":true,"href":"https:\/\/luxoria.si\/index.php\/wp-json\/wp\/v2\/comments?post=2713"}],"wp:featuredmedia":[{"embeddable":true,"href":"https:\/\/luxoria.si\/index.php\/wp-json\/wp\/v2\/media\/4263"}],"wp:attachment":[{"href":"https:\/\/luxoria.si\/index.php\/wp-json\/wp\/v2\/media?parent=2713"}],"wp:term":[{"taxonomy":"product_brand","embeddable":true,"href":"https:\/\/luxoria.si\/index.php\/wp-json\/wp\/v2\/product_brand?post=2713"},{"taxonomy":"product_cat","embeddable":true,"href":"https:\/\/luxoria.si\/index.php\/wp-json\/wp\/v2\/product_cat?post=2713"},{"taxonomy":"product_tag","embeddable":true,"href":"https:\/\/luxoria.si\/index.php\/wp-json\/wp\/v2\/product_tag?post=2713"}],"curies":[{"name":"wp","href":"https:\/\/api.w.org\/{rel}","templated":true}]}}