{"id":2714,"date":"2023-07-07T14:27:03","date_gmt":"2023-07-07T14:27:03","guid":{"rendered":"https:\/\/luxoria.si\/?post_type=product&#038;p=2714"},"modified":"2025-08-04T16:21:20","modified_gmt":"2025-08-04T16:21:20","slug":"koencim-q10-z-vitamini-c-e-30-kapsul","status":"publish","type":"product","link":"https:\/\/luxoria.si\/index.php\/product\/koencim-q10-z-vitamini-c-e-30-kapsul\/","title":{"rendered":"KOENCIM Q10 Z VITAMINI C &#038; E &#8211; 60 kapsul"},"content":{"rendered":"\n<p><strong>UBIKINON<\/strong> <br>Koencim Q10, znan tudi kot ubikinon, je naravno prisoten v na\u0161ih celicah in ima klju\u010dno vlogo pri tvorbi celi\u010dne energije. Poleg tega deluje kot mo\u010dan antioksidant, ki \u0161\u010diti celice pred \u0161kodljivimi u\u010dinki prostih radikalov. Njegova edinstvenost med antioksidanti je v tem, da se tvori prav na mestu, kjer se med pretvorbo hrane v celi\u010dno energijo tvorijo prosti kisikovi radikali. S tem neposredno deluje na mestu, kjer ti radikali nastajajo, kar pove\u010duje njegovo u\u010dinkovitost. <br><br><strong>ANTIOKSIDATIVNO DELOVANJA<\/strong> <br>Poleg antioksidativnega delovanja ima koencim Q10 \u0161tevilne pozitivne u\u010dinke na zdravje in vitalnost. Njegova prisotnost v celicah je klju\u010dnega pomena za optimalno delovanje srca, izbolj\u0161anje splo\u0161nega zdravstvenega stanja ter podporo nevrolo\u0161kim procesom, vklju\u010dno z boleznimi, kot so Alzheimerjeva, Parkinsonova in Huntingtonova bolezen. Prav tako ima pomemben vpliv pri nekaterih mitohondrijskih boleznih in lahko pomaga pri napredovanih dednih boleznih. \u0160tudije so pokazale, da lahko u\u017eivanje koencima Q10 prepre\u010duje migrenske napade pri bolnikih z migreno.<br><br><strong>VITAMIN C IN D <\/strong><br>Luxoria Koencim Q10 je pridobljen z naravnim postopkom fermentacije, kar zagotavlja visoko kakovost in biolo\u0161ko razpolo\u017eljivost. Poleg tega dopolnilo vsebuje vitamina C in E, ki imata pomembno vlogo pri za\u0161\u010diti celic pred oksidativnim stresom. Vitamin C dodatno prispeva k delovanju imunskega sistema ter zmanj\u0161evanju utrujenosti in iz\u010drpanosti. Z rednim u\u017eivanjem Luxoria Koencima Q10 z vitamini C &amp; E lahko podprete svoje celice, okrepite svoj imunski sistem, ter pove\u010date svojo vitalnost.<\/p>\n\n\n\n<p><br><br><br><br><br><br><\/p>\n","protected":false},"excerpt":{"rendered":"<p><strong>Luxoria Koencim Q10 z vitamini C &amp; E<\/strong> je prehransko dopolnilo, ki zdru\u017euje mo\u010dne antioksidativne lastnosti koencima Q10 s koristnimi u\u010dinki vitaminov C in E. Ta sinergijska formula je namenjena varovanju celic pred po\u0161kodbami, ki jih povzro\u010dajo prosti radikali, ter spodbujanju zdravja in vitalnosti. Prehransko dopolnilo je primerno za vegane. Koencim Q10 \u2013 naravna energijska podpora za telo.<br \/>Vitamin C in e imata vlogo pri za\u0161\u010diti celic pred oksidativnim stresom. Vitamin C ima vlogo pri delovanju imunskega sistema, ter zmanj\u0161evanju utrujenosti in iz\u0161rpanosti. Koencim Q10 je telesu lastna snov, ki ima pomembno vlogo pri nastajanju celi\u010dne energije. S staranjem in ob ve\u010djih telesnih ali du\u0161evnih obremenitvah lahko raven Q10 v telesu upade, zato je njegovo dodajanje smiselno kot del uravnote\u017eene prehrane in zdravega \u017eivljenjskega sloga. Na\u0161e prehransko dopolnilo vsebuje visoko kakovosten Q10 v kapsulah, ki omogo\u010dajo enostavno u\u017eivanje. Primerno za vse, ki \u017eelijo svojemu telesu nuditi dodatno podporo v vsakdanjem tempu \u017eivljenja.<\/p>\n","protected":false},"featured_media":4261,"comment_status":"open","ping_status":"closed","template":"","meta":{"_eb_attr":""},"product_brand":[],"product_cat":[32,22],"product_tag":[],"class_list":{"0":"post-2714","1":"product","2":"type-product","3":"status-publish","4":"has-post-thumbnail","6":"product_cat-vsi-izdelki","7":"product_cat-dopolnila","9":"first","10":"instock","11":"taxable","12":"shipping-taxable","13":"purchasable","14":"product-type-simple"},"jetpack_sharing_enabled":true,"_links":{"self":[{"href":"https:\/\/luxoria.si\/index.php\/wp-json\/wp\/v2\/product\/2714","targetHints":{"allow":["GET"]}}],"collection":[{"href":"https:\/\/luxoria.si\/index.php\/wp-json\/wp\/v2\/product"}],"about":[{"href":"https:\/\/luxoria.si\/index.php\/wp-json\/wp\/v2\/types\/product"}],"replies":[{"embeddable":true,"href":"https:\/\/luxoria.si\/index.php\/wp-json\/wp\/v2\/comments?post=2714"}],"wp:featuredmedia":[{"embeddable":true,"href":"https:\/\/luxoria.si\/index.php\/wp-json\/wp\/v2\/media\/4261"}],"wp:attachment":[{"href":"https:\/\/luxoria.si\/index.php\/wp-json\/wp\/v2\/media?parent=2714"}],"wp:term":[{"taxonomy":"product_brand","embeddable":true,"href":"https:\/\/luxoria.si\/index.php\/wp-json\/wp\/v2\/product_brand?post=2714"},{"taxonomy":"product_cat","embeddable":true,"href":"https:\/\/luxoria.si\/index.php\/wp-json\/wp\/v2\/product_cat?post=2714"},{"taxonomy":"product_tag","embeddable":true,"href":"https:\/\/luxoria.si\/index.php\/wp-json\/wp\/v2\/product_tag?post=2714"}],"curies":[{"name":"wp","href":"https:\/\/api.w.org\/{rel}","templated":true}]}}