{"id":3290,"date":"2025-02-21T20:05:43","date_gmt":"2025-02-21T20:05:43","guid":{"rendered":"https:\/\/luxoria.si\/?post_type=product&#038;p=3290"},"modified":"2025-03-15T22:53:16","modified_gmt":"2025-03-15T22:53:16","slug":"fresh-feet-gel-za-stopala-100-ml","status":"publish","type":"product","link":"https:\/\/luxoria.si\/index.php\/product\/fresh-feet-gel-za-stopala-100-ml\/","title":{"rendered":"FRESH FEET GEL ZA STOPALA \u2013 100 ml"},"content":{"rendered":"\n<p><br><strong>Naravni zeli\u0161\u010dni kremni gel<\/strong> deluje antisepti\u010dno in<br>odli\u010dno osve\u017ei stopala. Bogat zeli\u0161\u010dni kremni gel je<br>primeren za te\u017eave glivi\u010dnih oku\u017eb nohtov, kot tudi<br>celotnih stopal. Aloe vera ko\u017eo navla\u017ei in neguje,<br>olje \u017eajblja pa re\u0161uje tudi tegobe prekomernega<br>potenja stopal. <br><br><strong>Kremni gel <\/strong>Luxoria fresh feet vsebuje \u0161e eteri\u010dna <br>olja ro\u017emarina, ki je zelo mo\u010dan naravni antiseptik,  <br>odli\u010dne note pa daje olje eukaliptusa, sajlepo di\u0161i<br> in deluje protivnetno.<\/p>\n","protected":false},"excerpt":{"rendered":"<p>Naravni zeli\u0161\u010dni kremni gel deluje antisepti\u010dno in odli\u010dno osve\u017ei stopala.<\/p>\n","protected":false},"featured_media":4238,"comment_status":"open","ping_status":"closed","template":"","meta":{"_eb_attr":""},"product_brand":[],"product_cat":[32,20,23],"product_tag":[],"class_list":{"0":"post-3290","1":"product","2":"type-product","3":"status-publish","4":"has-post-thumbnail","6":"product_cat-vsi-izdelki","7":"product_cat-nega-koze","8":"product_cat-sport","10":"first","11":"instock","12":"taxable","13":"shipping-taxable","14":"purchasable","15":"product-type-simple"},"jetpack_sharing_enabled":true,"_links":{"self":[{"href":"https:\/\/luxoria.si\/index.php\/wp-json\/wp\/v2\/product\/3290","targetHints":{"allow":["GET"]}}],"collection":[{"href":"https:\/\/luxoria.si\/index.php\/wp-json\/wp\/v2\/product"}],"about":[{"href":"https:\/\/luxoria.si\/index.php\/wp-json\/wp\/v2\/types\/product"}],"replies":[{"embeddable":true,"href":"https:\/\/luxoria.si\/index.php\/wp-json\/wp\/v2\/comments?post=3290"}],"wp:featuredmedia":[{"embeddable":true,"href":"https:\/\/luxoria.si\/index.php\/wp-json\/wp\/v2\/media\/4238"}],"wp:attachment":[{"href":"https:\/\/luxoria.si\/index.php\/wp-json\/wp\/v2\/media?parent=3290"}],"wp:term":[{"taxonomy":"product_brand","embeddable":true,"href":"https:\/\/luxoria.si\/index.php\/wp-json\/wp\/v2\/product_brand?post=3290"},{"taxonomy":"product_cat","embeddable":true,"href":"https:\/\/luxoria.si\/index.php\/wp-json\/wp\/v2\/product_cat?post=3290"},{"taxonomy":"product_tag","embeddable":true,"href":"https:\/\/luxoria.si\/index.php\/wp-json\/wp\/v2\/product_tag?post=3290"}],"curies":[{"name":"wp","href":"https:\/\/api.w.org\/{rel}","templated":true}]}}