{"id":3322,"date":"2025-02-23T13:30:04","date_gmt":"2025-02-23T13:30:04","guid":{"rendered":"https:\/\/luxoria.si\/?post_type=product&#038;p=3322"},"modified":"2025-03-15T21:47:54","modified_gmt":"2025-03-15T21:47:54","slug":"anti-age-za-obraz-50-ml","status":"publish","type":"product","link":"https:\/\/luxoria.si\/index.php\/product\/anti-age-za-obraz-50-ml\/","title":{"rendered":"ANTI &#8211; AGE ZA OBRAZ \u2013 50 ml"},"content":{"rendered":"\n<p><br><strong>Krema vsebuje skrbno<\/strong> izbrane sestavine, ki intenzivno<br>delujejo proti staranju ko\u017ee. Osnovo kreme tvorijo blagi<br>naravni emulgatorji rastlinskega izvora, gel aloje ter olja<br>makadamije, argana in abisina skupaj s karitejevim maslom,<br>ki poskrbijo za globoko vla\u017eenje in nego. <br><br><strong>Bio eteri\u010dno olje<\/strong> dama\u0161\u010danske vrtnice ter ro\u017eno vodo nerolija (cvetovi<br>pomaran\u010devca) ji dodajo naravno sve\u017eino. Sestava je<br>dodatno obogatena z rastlinskimi steroli, izvle\u010dki plodov<br>baobabe, granatnega jabolka in oligosaharidi iz morske<br>solate, ki skupaj podpirajo elasti\u010dnost in pro\u017enost ko\u017ee. <br><br><strong>Za intenzivno anti-age<\/strong> delovanje so vklju\u010deni \u0161e biofermentirana<br>hialuronska kislina, bisabolol, vitamin E in druge u\u010dinkovine,<br>ki prispevajo k mladostnemu videzu in zdravju ko\u017ee.<\/p>\n\n\n\n<p><\/p>\n","protected":false},"excerpt":{"rendered":"<p>Krema vsebuje skrbno izbrane sestavine, ki intenzivno<br \/>\ndelujejo proti staranju ko\u017ee. Osnovo kreme tvorijo blagi<br \/>\nnaravni emulgatorji rastlinskega izvora, gel aloje ter olja<br \/>\nmakadamije, argana in abisina skupaj s karitejevim maslom,<br \/>\nki poskrbijo za globoko vla\u017eenje in nego.<\/p>\n","protected":false},"featured_media":4195,"comment_status":"open","ping_status":"closed","template":"","meta":{"_eb_attr":""},"product_brand":[],"product_cat":[32,20],"product_tag":[],"class_list":{"0":"post-3322","1":"product","2":"type-product","3":"status-publish","4":"has-post-thumbnail","6":"product_cat-vsi-izdelki","7":"product_cat-nega-koze","9":"first","10":"instock","11":"taxable","12":"shipping-taxable","13":"purchasable","14":"product-type-simple"},"jetpack_sharing_enabled":true,"_links":{"self":[{"href":"https:\/\/luxoria.si\/index.php\/wp-json\/wp\/v2\/product\/3322","targetHints":{"allow":["GET"]}}],"collection":[{"href":"https:\/\/luxoria.si\/index.php\/wp-json\/wp\/v2\/product"}],"about":[{"href":"https:\/\/luxoria.si\/index.php\/wp-json\/wp\/v2\/types\/product"}],"replies":[{"embeddable":true,"href":"https:\/\/luxoria.si\/index.php\/wp-json\/wp\/v2\/comments?post=3322"}],"wp:featuredmedia":[{"embeddable":true,"href":"https:\/\/luxoria.si\/index.php\/wp-json\/wp\/v2\/media\/4195"}],"wp:attachment":[{"href":"https:\/\/luxoria.si\/index.php\/wp-json\/wp\/v2\/media?parent=3322"}],"wp:term":[{"taxonomy":"product_brand","embeddable":true,"href":"https:\/\/luxoria.si\/index.php\/wp-json\/wp\/v2\/product_brand?post=3322"},{"taxonomy":"product_cat","embeddable":true,"href":"https:\/\/luxoria.si\/index.php\/wp-json\/wp\/v2\/product_cat?post=3322"},{"taxonomy":"product_tag","embeddable":true,"href":"https:\/\/luxoria.si\/index.php\/wp-json\/wp\/v2\/product_tag?post=3322"}],"curies":[{"name":"wp","href":"https:\/\/api.w.org\/{rel}","templated":true}]}}