{"id":3357,"date":"2025-02-23T15:51:38","date_gmt":"2025-02-23T15:51:38","guid":{"rendered":"https:\/\/luxoria.si\/?post_type=product&#038;p=3357"},"modified":"2025-08-04T16:19:49","modified_gmt":"2025-08-04T16:19:49","slug":"cbd-konoplja-60-kapsul","status":"publish","type":"product","link":"https:\/\/luxoria.si\/index.php\/product\/cbd-konoplja-60-kapsul\/","title":{"rendered":"CBD KONOPLJA \u2013 60 kapsul"},"content":{"rendered":"\n<p><strong>CBD kapsule <\/strong>so prehransko dopolnilo iz slovenskih<br>posu\u0161enih vr\u0161i\u010dkov jedilne konoplje. CBD<br>kapsule vsebujejo naravno prisoten kanabidiol<br>(CBD) in kanabidiolno kislino (CBDk). <br><br><strong>Konopljini vr\u0161i\u010dki<\/strong> niso obdelani in vsebujejo vse naravno<br>prisotne blagodejne sestavine in rastlinska<br>hranila. Konoplja izvira iz Azije kjer so jo gojili<br>\u017ee pred razvojem pisave. Prvi, ki je opisal njeno<br>ljudsko uporabo naj bi bil kitajski cesar \u0160en Nung<br>v svojem \u201cKompendumu kitajskih rastlin\u201d \u017ee daljnega<br>leta 2737 pr.n.\u0161.Izdelek je brez GSO, glutena,<br>laktoze, z vsebnostjo THC manj kot 0,2%.<\/p>\n\n\n\n<p><br><br><br><br><br><br><\/p>\n","protected":false},"excerpt":{"rendered":"<p><strong>CBD kapsule so prehransko dopolnilo iz slovenskih posu\u0161enih vr\u0161i\u010dkov jedilne konoplje.<\/strong> Konopljini vr\u0161i\u010dki niso obdelani in vsebujejo vse naravnoprisotne blagodejne sestavine in rastlinska hranila. CBD (kanabidiol) je naravna spojina iz industrijske konoplje, ki v telesu deluje preko endokanabinoidnega sistema \u2013 notranjega regulatorja ravnovesja. Prav ta sistem ima pomembno vlogo pri \u0161tevilnih telesnih funkcijah, kot so spanje, po\u010dutje, presnova in odziv na stres. Na\u0161e CBD kapsule vsebujejo standardiziran izvle\u010dek industrijske konoplje, pridobljen s postopkom, ki ohranja naravno razmerje kanabinoidov. Vsaka kapsula omogo\u010da natan\u010dno odmerjanje in diskretno, enostavno uporabo \u2013 brez okusa in vonja po konoplji. CBD kapsule so primerne za vsakodnevno uporabo in jih pogosto izberejo posamezniki, ki \u017eelijo naravno podpreti svoje telo pri soo\u010danju z vsakodnevnimi obremenitvami. Izdelek je brez GSO, glutena, laktoze, z vsebnostjo THC manj kot 0,2%.<\/p>\n","protected":false},"featured_media":4259,"comment_status":"open","ping_status":"closed","template":"","meta":{"_eb_attr":""},"product_brand":[],"product_cat":[32,22],"product_tag":[],"class_list":{"0":"post-3357","1":"product","2":"type-product","3":"status-publish","4":"has-post-thumbnail","6":"product_cat-vsi-izdelki","7":"product_cat-dopolnila","9":"first","10":"instock","11":"taxable","12":"shipping-taxable","13":"purchasable","14":"product-type-simple"},"jetpack_sharing_enabled":true,"_links":{"self":[{"href":"https:\/\/luxoria.si\/index.php\/wp-json\/wp\/v2\/product\/3357","targetHints":{"allow":["GET"]}}],"collection":[{"href":"https:\/\/luxoria.si\/index.php\/wp-json\/wp\/v2\/product"}],"about":[{"href":"https:\/\/luxoria.si\/index.php\/wp-json\/wp\/v2\/types\/product"}],"replies":[{"embeddable":true,"href":"https:\/\/luxoria.si\/index.php\/wp-json\/wp\/v2\/comments?post=3357"}],"wp:featuredmedia":[{"embeddable":true,"href":"https:\/\/luxoria.si\/index.php\/wp-json\/wp\/v2\/media\/4259"}],"wp:attachment":[{"href":"https:\/\/luxoria.si\/index.php\/wp-json\/wp\/v2\/media?parent=3357"}],"wp:term":[{"taxonomy":"product_brand","embeddable":true,"href":"https:\/\/luxoria.si\/index.php\/wp-json\/wp\/v2\/product_brand?post=3357"},{"taxonomy":"product_cat","embeddable":true,"href":"https:\/\/luxoria.si\/index.php\/wp-json\/wp\/v2\/product_cat?post=3357"},{"taxonomy":"product_tag","embeddable":true,"href":"https:\/\/luxoria.si\/index.php\/wp-json\/wp\/v2\/product_tag?post=3357"}],"curies":[{"name":"wp","href":"https:\/\/api.w.org\/{rel}","templated":true}]}}