{"id":3360,"date":"2025-02-23T16:50:27","date_gmt":"2025-02-23T16:50:27","guid":{"rendered":"https:\/\/luxoria.si\/?post_type=product&#038;p=3360"},"modified":"2025-03-16T04:01:37","modified_gmt":"2025-03-16T04:01:37","slug":"collagen-premium-koza-lasje-nohti-v-prahu-150-g","status":"publish","type":"product","link":"https:\/\/luxoria.si\/index.php\/product\/collagen-premium-koza-lasje-nohti-v-prahu-150-g\/","title":{"rendered":"COLLAGEN PREMIUM KO\u017dA-LASJE-NOHTI v prahu &#8211; 150 g"},"content":{"rendered":"\n<p><strong>Vrhunska formula, ustvarjena za podporo naravni lepoti od znotraj. Skrbno izbrane sestavine prispevajo k zdravju ko\u017ee, krepijo lase in utrjujejo nohte.<\/strong><\/p>\n\n\n\n<p><strong>\u2714 Za sijo\u010do in zdravo ko\u017eo<br>\u2714 Za mo\u010dnej\u0161e in gostej\u0161e lase<br>\u2714 Za trdnej\u0161e nohte<br>\u2714 Klju\u010dne u\u010dinkovine: kolagen tipa I, MSM in hialuronska kislina<br>\u2714 Izdelano v Sloveniji<\/strong><br><br><strong>LUXORIA COLLAGEN-PREMIUM KO\u017dA-LASJE-NOHTI <\/strong>vsebuje hidroliziran ribji kolagen tipa I in skrbno izbrane aktivne sestavine, ki spodbujajo naravno sintezo kolagena v telesu.<\/p>\n\n\n\n<p>\ud83d\udd39 <strong>Vitamin A<\/strong> \u2013 klju\u010den za ohranjanje pro\u017ene in mladostne ko\u017ee.<br>\ud83d\udd39 <strong>Cink<\/strong> \u2013 pomaga pri za\u0161\u010diti celic pred oksidativnim stresom ter prispeva k zdravju ko\u017ee, las in nohtov.<br>\ud83d\udd39 <strong>Vitamin B5<\/strong> \u2013 pomemben pri regeneraciji tkiv, nastajanju celi\u010dnih membran ter zmanj\u0161evanju utrujenosti.<br>\ud83d\udd39 <strong>Patentiran Naticol\u00ae kolagen<\/strong> \u2013 hidroliziran ribji kolagen tipa I, ki predstavlja osnovni gradnik ko\u017ee, las in nohtov.<br>\ud83d\udd39 <strong>Kurkuma<\/strong> \u2013 mo\u010dan antioksidant, ki \u0161\u010diti ko\u017eo in prispeva k odpornosti organizma.<br>\ud83d\udd39 <strong>Biotin<\/strong> \u2013 prispeva k zdravju mukoznih membran, ko\u017ee in las.<br>\ud83d\udd39 <strong>Vitamin C<\/strong> \u2013 sodeluje pri sintezi kolagena ter podpira zdravje kosti, zob, dlesni, hrustanca, ko\u017ee in krvnih \u017eil. Krepi tudi imunski sistem.<br>\ud83d\udd39 <strong>Hialuronska kislina<\/strong> \u2013 ohranja naravno navla\u017eenost in elasti\u010dnost ko\u017ee.<br>\ud83d\udd39 <strong>Vitamin B2 in B3<\/strong> \u2013 prispevata k obnovi in zdravju ko\u017ee.<br>\ud83d\udd39 <strong>MSM<\/strong> \u2013 naravni vir \u017evepla, ki je pomemben za sintezo beljakovin in vezivnega tkiva.<\/p>\n\n\n\n<p>S kombinacijo skrbno izbranih sestavin LUXORIA COLLAGEN-PREMIUM KO\u017dA-LASJE-NOHTI zagotavlja celostno podporo za lep\u0161i videz in bolj\u0161e po\u010dutje.<\/p>\n\n\n\n<p><br><br><br><br><br><br><\/p>\n","protected":false},"excerpt":{"rendered":"<p>Vrhunska formula, ustvarjena za podporo naravni lepoti od znotraj. Skrbno izbrane sestavine prispevajo k zdravju ko\u017ee, krepijo lase in utrjujejo nohte.<\/p>\n<p>\u2714 Za sijo\u010do in zdravo ko\u017eo<br \/>\n\u2714 Za mo\u010dnej\u0161e in gostej\u0161e lase<br \/>\n\u2714 Za trdnej\u0161e nohte<br \/>\n\u2714 Klju\u010dne u\u010dinkovine: kolagen tipa I, MSM in hialuronska kislina<br \/>\n\u2714 Izdelano v Sloveniji<\/p>\n","protected":false},"featured_media":4270,"comment_status":"open","ping_status":"closed","template":"","meta":{"_eb_attr":""},"product_brand":[],"product_cat":[32,39,23],"product_tag":[],"class_list":{"0":"post-3360","1":"product","2":"type-product","3":"status-publish","4":"has-post-thumbnail","6":"product_cat-vsi-izdelki","7":"product_cat-kolagen","8":"product_cat-sport","10":"first","11":"instock","12":"taxable","13":"shipping-taxable","14":"purchasable","15":"product-type-simple"},"jetpack_sharing_enabled":true,"_links":{"self":[{"href":"https:\/\/luxoria.si\/index.php\/wp-json\/wp\/v2\/product\/3360","targetHints":{"allow":["GET"]}}],"collection":[{"href":"https:\/\/luxoria.si\/index.php\/wp-json\/wp\/v2\/product"}],"about":[{"href":"https:\/\/luxoria.si\/index.php\/wp-json\/wp\/v2\/types\/product"}],"replies":[{"embeddable":true,"href":"https:\/\/luxoria.si\/index.php\/wp-json\/wp\/v2\/comments?post=3360"}],"wp:featuredmedia":[{"embeddable":true,"href":"https:\/\/luxoria.si\/index.php\/wp-json\/wp\/v2\/media\/4270"}],"wp:attachment":[{"href":"https:\/\/luxoria.si\/index.php\/wp-json\/wp\/v2\/media?parent=3360"}],"wp:term":[{"taxonomy":"product_brand","embeddable":true,"href":"https:\/\/luxoria.si\/index.php\/wp-json\/wp\/v2\/product_brand?post=3360"},{"taxonomy":"product_cat","embeddable":true,"href":"https:\/\/luxoria.si\/index.php\/wp-json\/wp\/v2\/product_cat?post=3360"},{"taxonomy":"product_tag","embeddable":true,"href":"https:\/\/luxoria.si\/index.php\/wp-json\/wp\/v2\/product_tag?post=3360"}],"curies":[{"name":"wp","href":"https:\/\/api.w.org\/{rel}","templated":true}]}}