{"id":3365,"date":"2025-02-23T17:23:40","date_gmt":"2025-02-23T17:23:40","guid":{"rendered":"https:\/\/luxoria.si\/?post_type=product&#038;p=3365"},"modified":"2025-03-16T04:01:30","modified_gmt":"2025-03-16T04:01:30","slug":"collagen-premium-kosti-sklepi-v-prahu-150-g","status":"publish","type":"product","link":"https:\/\/luxoria.si\/index.php\/product\/collagen-premium-kosti-sklepi-v-prahu-150-g\/","title":{"rendered":"COLLAGEN PREMIUM KOSTI &#8211; SKLEPI v prahu &#8211; 150 g"},"content":{"rendered":"\n<h3 class=\"wp-block-heading\"><\/h3>\n\n\n\n<p><strong>Zdru\u017euje hidroliziran ribji kolagen tipa I (Naticol\u00ae), ki je bistvena sestavina vezivnega tkiva, mi\u0161ic in kosti, ter kolagen tipa II, ki se naravno nahaja v hrustancu.<\/strong><br>\u2714 <strong>Prispeva k ve\u010dji gibljivosti sklepov<\/strong><br>\u2714 <strong>Podpira mo\u010dnej\u0161e in zdrave kosti<\/strong><br>\u2714 <strong>Vsebuje klju\u010dne u\u010dinkovine \u2013 kolagen tipa I in II, MSM ter glukozamin<\/strong><br>\u2714 <strong>Izdelano v Sloveniji<\/strong><\/p>\n\n\n\n<p><strong>LUXORIA COLLAGEN PREMIUM KOSTI &#8211; SKLEPI<\/strong> zdru\u017euje hidroliziran ribji <strong>kolagen tipa I (Naticol\u00ae)<\/strong>, ki je bistvena sestavina vezivnega tkiva, mi\u0161ic in kosti, ter <strong>kolagen tipa II<\/strong>, ki se naravno nahaja v hrustancu.<\/p>\n\n\n\n<p>\ud83d\udd39 <strong>Hialuronska kislina<\/strong> \u2013 pomembna sestavina, ki se nahaja v sklepih in skrbi za njihovo pro\u017enost.<br>\ud83d\udd39 <strong>MSM<\/strong> \u2013 vir \u017evepla, ki igra klju\u010dno vlogo pri tvorbi beljakovin in podpira zdravje vezivnega tkiva.<br>\ud83d\udd39 <strong>Vitamin C<\/strong> \u2013 sodeluje pri tvorbi kolagena in prispeva k zdravju kosti, sklepov, dlesni, ko\u017ee ter podpira delovanje imunskega sistema.<br>\ud83d\udd39 <strong>Izvle\u010dek vej bele jelke<\/strong> \u2013 bogat vir polifenolov, mo\u010dnih naravnih antioksidantov.<br>\ud83d\udd39 <strong>Bosvelija in \u0161ipek<\/strong> \u2013 znani po svojih blagodejnih lastnostih za sklepe in kosti.<br>\ud83d\udd39 <strong>Glukozamin<\/strong> \u2013 naravna sestavina hrustanca, ki pomaga ohranjati gibljivost sklepov.<br>\ud83d\udd39 <strong>Hondroitin sulfat<\/strong> \u2013 klju\u010dna spojina v hrustancu, ki pomaga pri pro\u017enosti sklepov.<br>\ud83d\udd39 <strong>Njivska preslica<\/strong> \u2013 prispeva k remineralizaciji telesa in podpira zdravje kosti.<br>\ud83d\udd39 <strong>Baker<\/strong> \u2013 pomemben za ohranjanje zdravega vezivnega tkiva.<br>\ud83d\udd39 <strong>Mangan<\/strong> \u2013 podpira zdravje kosti in sodeluje pri tvorbi vezivnega tkiva.<br>\ud83d\udd39 <strong>Biotin<\/strong> \u2013 klju\u010den za normalno presnovo makrohranil.<\/p>\n\n\n\n<p>S svojo edinstveno kombinacijo sestavin LUXORIA COLLAGEN PREMIUM KOSTI &#8211; SKLEP<strong>I<\/strong> deluje celostno in u\u010dinkovito, saj podpira gibljivost sklepov, krepi kosti ter pomaga pri regeneraciji vezivnega tkiva.<\/p>\n\n\n\n<p><br><br><br><br><br><br><\/p>\n","protected":false},"excerpt":{"rendered":"<p>Napitek v prahu, zasnovan za me\u0161anje z vodo, vsebuje napredno formulo 2 v 1, ki podpira mo\u010dnej\u0161e kosti in pomaga pri ve\u010dji gibljivosti sklepov. Obogatena sestava zdru\u017euje kolagen tipa I in tipa II, MSM, hialuronsko kislino ter druge aktivne u\u010dinkovine, ki vplivajo na sintezo kolagena in blagodejno delujejo na sklepe ter kosti.<\/p>\n<p>\u2714 Prispeva k ve\u010dji gibljivosti sklepov<br \/>\n\u2714 Podpira mo\u010dnej\u0161e in zdrave kosti<br \/>\n\u2714 Vsebuje klju\u010dne u\u010dinkovine \u2013 kolagen tipa I in II, MSM ter glukozamin<br \/>\n\u2714 Izdelano v Sloveniji<\/p>\n","protected":false},"featured_media":4273,"comment_status":"open","ping_status":"closed","template":"","meta":{"_eb_attr":""},"product_brand":[],"product_cat":[32,39,23],"product_tag":[],"class_list":{"0":"post-3365","1":"product","2":"type-product","3":"status-publish","4":"has-post-thumbnail","6":"product_cat-vsi-izdelki","7":"product_cat-kolagen","8":"product_cat-sport","10":"first","11":"instock","12":"taxable","13":"shipping-taxable","14":"purchasable","15":"product-type-simple"},"jetpack_sharing_enabled":true,"_links":{"self":[{"href":"https:\/\/luxoria.si\/index.php\/wp-json\/wp\/v2\/product\/3365","targetHints":{"allow":["GET"]}}],"collection":[{"href":"https:\/\/luxoria.si\/index.php\/wp-json\/wp\/v2\/product"}],"about":[{"href":"https:\/\/luxoria.si\/index.php\/wp-json\/wp\/v2\/types\/product"}],"replies":[{"embeddable":true,"href":"https:\/\/luxoria.si\/index.php\/wp-json\/wp\/v2\/comments?post=3365"}],"wp:featuredmedia":[{"embeddable":true,"href":"https:\/\/luxoria.si\/index.php\/wp-json\/wp\/v2\/media\/4273"}],"wp:attachment":[{"href":"https:\/\/luxoria.si\/index.php\/wp-json\/wp\/v2\/media?parent=3365"}],"wp:term":[{"taxonomy":"product_brand","embeddable":true,"href":"https:\/\/luxoria.si\/index.php\/wp-json\/wp\/v2\/product_brand?post=3365"},{"taxonomy":"product_cat","embeddable":true,"href":"https:\/\/luxoria.si\/index.php\/wp-json\/wp\/v2\/product_cat?post=3365"},{"taxonomy":"product_tag","embeddable":true,"href":"https:\/\/luxoria.si\/index.php\/wp-json\/wp\/v2\/product_tag?post=3365"}],"curies":[{"name":"wp","href":"https:\/\/api.w.org\/{rel}","templated":true}]}}