{"id":3593,"date":"2025-02-26T17:16:53","date_gmt":"2025-02-26T17:16:53","guid":{"rendered":"https:\/\/luxoria.si\/?post_type=product&#038;p=3593"},"modified":"2025-03-15T23:46:45","modified_gmt":"2025-03-15T23:46:45","slug":"cbd-konopljino-mazilo-50-ml","status":"publish","type":"product","link":"https:\/\/luxoria.si\/index.php\/product\/cbd-konopljino-mazilo-50-ml\/","title":{"rendered":"CBD KONOPLJINO MAZILO \u2013 50 ml"},"content":{"rendered":"\n<p><strong>CBD konopljino mazilo<\/strong> je odli\u010dna izbira za pomiritev ko\u017ee, saj pomaga pri vnetjih, rde\u010dici, srbe\u010dici in alergijskih reakcijah. Poleg tega spodbuja celjenje ran in zmanj\u0161uje videz brazgotin. Njegova za\u0161\u010ditna formula nudi u\u010dinkovito obrambo pred mrazom, hkrati pa je idealna nega po son\u010denju, saj globinsko nahrani in obnovi po\u0161kodovano ko\u017eo.<br><br><strong>Posebej je zasnovano<\/strong> za nego ko\u017ee, nagnjene k razli\u010dnim te\u017eavam. Okrepi njeno za\u0161\u010ditno vlogo ter pomaga pomiriti razdra\u017eeno in pordelo ko\u017eo, hkrati pa ji daje ob\u010dutek olaj\u0161anja in pomaga vzpostaviti naravno ravnovesje. Njegova prijetno pomirjujo\u010da formula deluje blagodejno na srbe\u010do in ob\u010dutljivo ko\u017eo.<br><br><strong>Mazilo je primerno<\/strong> za ob\u010dutljivo in k reakcijam nagnjeno ko\u017eo. Zelo dobro ga sprejme atopi\u010dna ko\u017ea, ki je nagnjena k rde\u010dici, srbe\u010dici, ekcemom in dermatitisu. Zaradi bogate sestave zagotavlja popolno za\u0161\u010dito ko\u017ee v hladnem in vetrovnem vremenu, obenem pa jo intenzivno neguje in \u0161\u010diti.<\/p>\n\n\n\n<p><strong>CBD konopljino mazilo<\/strong> je popolna izbira za vse, ki si \u017eelijo naravne in u\u010dinkovite nege za ob\u010dutljivo ali po\u0161kodovano ko\u017eo.<\/p>\n","protected":false},"excerpt":{"rendered":"<p>CBD mazilo je popolna izbira za vse, ki si \u017eelijo naravne in u\u010dinkovite nege za ob\u010dutljivo ali po\u0161kodovano ko\u017eo.<\/p>\n","protected":false},"featured_media":4242,"comment_status":"open","ping_status":"closed","template":"","meta":{"_eb_attr":""},"product_brand":[],"product_cat":[32,24,20,23],"product_tag":[],"class_list":{"0":"post-3593","1":"product","2":"type-product","3":"status-publish","4":"has-post-thumbnail","6":"product_cat-vsi-izdelki","7":"product_cat-misice-in-sklepi","8":"product_cat-nega-koze","9":"product_cat-sport","11":"first","12":"instock","13":"taxable","14":"shipping-taxable","15":"purchasable","16":"product-type-simple"},"jetpack_sharing_enabled":true,"_links":{"self":[{"href":"https:\/\/luxoria.si\/index.php\/wp-json\/wp\/v2\/product\/3593","targetHints":{"allow":["GET"]}}],"collection":[{"href":"https:\/\/luxoria.si\/index.php\/wp-json\/wp\/v2\/product"}],"about":[{"href":"https:\/\/luxoria.si\/index.php\/wp-json\/wp\/v2\/types\/product"}],"replies":[{"embeddable":true,"href":"https:\/\/luxoria.si\/index.php\/wp-json\/wp\/v2\/comments?post=3593"}],"wp:featuredmedia":[{"embeddable":true,"href":"https:\/\/luxoria.si\/index.php\/wp-json\/wp\/v2\/media\/4242"}],"wp:attachment":[{"href":"https:\/\/luxoria.si\/index.php\/wp-json\/wp\/v2\/media?parent=3593"}],"wp:term":[{"taxonomy":"product_brand","embeddable":true,"href":"https:\/\/luxoria.si\/index.php\/wp-json\/wp\/v2\/product_brand?post=3593"},{"taxonomy":"product_cat","embeddable":true,"href":"https:\/\/luxoria.si\/index.php\/wp-json\/wp\/v2\/product_cat?post=3593"},{"taxonomy":"product_tag","embeddable":true,"href":"https:\/\/luxoria.si\/index.php\/wp-json\/wp\/v2\/product_tag?post=3593"}],"curies":[{"name":"wp","href":"https:\/\/api.w.org\/{rel}","templated":true}]}}