{"id":4346,"date":"2025-10-12T11:40:43","date_gmt":"2025-10-12T11:40:43","guid":{"rendered":"https:\/\/luxoria.si\/?post_type=product&#038;p=4346"},"modified":"2025-10-23T17:53:11","modified_gmt":"2025-10-23T17:53:11","slug":"napitek-v-prahu-pure-detox-forte-v-prahu-150-g","status":"publish","type":"product","link":"https:\/\/luxoria.si\/index.php\/product\/napitek-v-prahu-pure-detox-forte-v-prahu-150-g\/","title":{"rendered":"NAPITEK V PRAHU &#8211; PURE DETOX FORTE v prahu &#8211; 150 g"},"content":{"rendered":"\n<h3 class=\"wp-block-heading\"><\/h3>\n\n\n\n<p>Izdelek <strong>Luxoria<\/strong> <strong>Pure Detox Forte napitek<\/strong> temelji na skrbno uravnote\u017eenem izboru rastlin in alg, ki imajo naravni detoks u\u010dinek na telo. Njihovo delovanje podpira zdravo prebavo, prispeva k izlo\u010danju strupov ter spodbuja procese, ki vplivajo na ve\u010djo vitalnost in la\u017eje obnavljanje organizma. Me\u0161anica ne osve\u017ei le telesa, temve\u010d vpliva tudi na bolj\u0161e po\u010dutje in ve\u010d \u017eivljenjske energije.<br>Posebna kombinacija u\u010dinkovin je oblikovana tako, da se med seboj dopolnjujejo in krepijo, kar omogo\u010da celovit pristop k razstrupljanju in ohranjanju notranjega ravnovesja. Redno u\u017eivanje napitka tako pomaga telesu pri naravni regeneraciji, podpira vitalnost in krepi ob\u010dutek lahkotnosti v vsakdanjem \u017eivljenju.<\/p>\n\n\n\n<p>\ud83d\udd39<strong> Napitek v prahu za lahkotno telo in sve\u017e um<br>\ud83d\udd39 Napitek v prahu za razstrupljanje in vitalno \u017eivljenje<\/strong><br><strong>\ud83d\udd39 Zeli\u0161\u010dno-algni napitek v prahu za notranje ravnovesje<br>\ud83d\udd39 Naravni napitek v prahu za vitalnost in regeneracijo<br>\ud83d\udd39 Mineralno-zeli\u0161\u010dni napitek v prahu za harmonijo telesa<\/strong><br><strong>\ud83d\udd39 Napitek v prahu za energijo, \u010distost in dobro po\u010dutje<\/strong>.<br><\/p>\n\n\n\n<p><\/p>\n\n\n\n<p><br><br><br><br><br><br><\/p>\n","protected":false},"excerpt":{"rendered":"<p><strong data-start=\"90\" data-end=\"113\">Luxoria PURE DETOX FORTE <\/strong>napitek je naravna podpora telesu, ko si \u017eelite ve\u010d lahkotnosti in sve\u017eine. Skrbno izbrane rastline in alge pomagajo pri razstrupljanju, obnavljajo notranje ravnovesje ter vra\u010dajo energijo. Redno u\u017eivanje prispeva k vitalnosti in bolj\u0161emu po\u010dutju, da se vsak dan po\u010dutite bolj polni mo\u010di.<\/p>\n","protected":false},"featured_media":4348,"comment_status":"open","ping_status":"closed","template":"","meta":{"_eb_attr":""},"product_brand":[],"product_cat":[32,39,23],"product_tag":[],"class_list":{"0":"post-4346","1":"product","2":"type-product","3":"status-publish","4":"has-post-thumbnail","6":"product_cat-vsi-izdelki","7":"product_cat-kolagen","8":"product_cat-sport","10":"first","11":"instock","12":"taxable","13":"shipping-taxable","14":"purchasable","15":"product-type-simple"},"jetpack_sharing_enabled":true,"_links":{"self":[{"href":"https:\/\/luxoria.si\/index.php\/wp-json\/wp\/v2\/product\/4346","targetHints":{"allow":["GET"]}}],"collection":[{"href":"https:\/\/luxoria.si\/index.php\/wp-json\/wp\/v2\/product"}],"about":[{"href":"https:\/\/luxoria.si\/index.php\/wp-json\/wp\/v2\/types\/product"}],"replies":[{"embeddable":true,"href":"https:\/\/luxoria.si\/index.php\/wp-json\/wp\/v2\/comments?post=4346"}],"wp:featuredmedia":[{"embeddable":true,"href":"https:\/\/luxoria.si\/index.php\/wp-json\/wp\/v2\/media\/4348"}],"wp:attachment":[{"href":"https:\/\/luxoria.si\/index.php\/wp-json\/wp\/v2\/media?parent=4346"}],"wp:term":[{"taxonomy":"product_brand","embeddable":true,"href":"https:\/\/luxoria.si\/index.php\/wp-json\/wp\/v2\/product_brand?post=4346"},{"taxonomy":"product_cat","embeddable":true,"href":"https:\/\/luxoria.si\/index.php\/wp-json\/wp\/v2\/product_cat?post=4346"},{"taxonomy":"product_tag","embeddable":true,"href":"https:\/\/luxoria.si\/index.php\/wp-json\/wp\/v2\/product_tag?post=4346"}],"curies":[{"name":"wp","href":"https:\/\/api.w.org\/{rel}","templated":true}]}}